{"id":7741,"date":"2023-10-04T17:07:35","date_gmt":"2023-10-04T15:07:35","guid":{"rendered":"http:\/\/sk.innovea.it\/?post_type=product&#038;p=7741"},"modified":"2023-11-14T13:36:28","modified_gmt":"2023-11-14T11:36:28","slug":"modular-dispenser","status":"publish","type":"product","link":"https:\/\/www.skitalia.it\/en\/prodotto\/modular-dispenser\/","title":{"rendered":"Hamet asciugamano ad aria"},"content":{"rendered":"<p>PRATICO E FUNZIONALE \u2013 Propone uno stile d\u2019asciugatura convenzionale, grazie all\u2019ampio bocchettone girevole a 360\u00b0 facilmente accessibile da qualunque utente, ivi inclusi anziani o persone con ridotte capacit\u00e0 motorie.<\/p>\n<p>ARIA CALDA ISTANTANEA \u2013 La resistenza elettrica incorporata nel dryer intiepidisce istantaneamente il flusso d\u2019aria impiegato durante il ciclo d\u2019asciugatura, rendendone pi\u00f9 confortevole l\u2019utilizzo.<\/p>\n<p>TIMER REGOLABILE \u2013 Nella versione a pulsante, Hamet include anche un timer per regolare manualmente il tempo d\u2019asciugatura con un intervallo che pu\u00f2 estendersi da 30 secondi a 3 minuti.<\/p>\n<p>ANTIVANDALISMO \u2013 Le cover in acciaio sono ideali in ambienti a rischio vandalismo poich\u00e9 progettate per resistere ai tentativi di furto e alle manomissioni operate da eventuali malintenzionati.<\/p>\n<table class=\"shop_attributes\">\n<tbody>\n<tr>\n<th colspan=\"2\">\n<h3 class=\"attributes_types\">CARATTERISTICHE ELETTRICHE<\/h3>\n<\/th>\n<\/tr>\n<\/tbody>\n<tbody class=\"collapsable active\">\n<tr>\n<th class=\"tipo_motore\">Tipo motore<\/th>\n<td>Motore AC a spazzole<\/td>\n<\/tr>\n<tr>\n<th class=\"potenza_nominale\">Potenza nominale<\/th>\n<td>2.400 W<\/td>\n<\/tr>\n<tr>\n<th class=\"potenza_motore\">Potenza motore<\/th>\n<td>200 W<\/td>\n<\/tr>\n<tr>\n<th class=\"potenza_resistenza\">Potenza resistenza<\/th>\n<td>2.200 W<\/td>\n<\/tr>\n<tr>\n<th class=\"voltaggio\">Voltaggio<\/th>\n<td>220-240 V<\/td>\n<\/tr>\n<tr>\n<th class=\"frequenza\">Frequenza<\/th>\n<td>50-60 Hz<\/td>\n<\/tr>\n<tr>\n<th class=\"isolamento_elettrico\">Isolamento elettrico<\/th>\n<td>Classe I<\/td>\n<\/tr>\n<tr>\n<th class=\"Classed_di_protezione\">Classe di protezione<\/th>\n<td>IPX1<\/td>\n<\/tr>\n<\/tbody>\n<\/table>\n<h3><span style=\"color: #ff6600;\">SCARICA LA SCHEDA TECNICA<\/span><\/h3>\n<p><a href=\"https:\/\/www.skitalia.it\/wp-content\/uploads\/2023\/10\/Hamet-704175.pdf\">Hamet 704175<\/a> <a href=\"https:\/\/www.skitalia.it\/wp-content\/uploads\/2023\/10\/Hamet-704176.pdf\">Hamet 704176<\/a> <a href=\"https:\/\/www.skitalia.it\/wp-content\/uploads\/2023\/10\/Hamet-704177.pdf\">Hamet 704177<\/a><\/p>\n","protected":false},"excerpt":{"rendered":"<p><strong>Asciugamani elettrico tradizionale con resistenza a pulsante.<\/strong><\/p>\n<p>Tra gli asciugamani tradizionali, Hamet \u00e8 senza dubbio il modello pi\u00f9 conosciuto e richiesto. Un vero e proprio punto di riferimento in termini di prestazioni, affidabilit\u00e0 e sicurezza. Dotato di un potente motore a spazzola con resistenza elettrica da 2.400 W, questo prodotto garantisce un\u2019efficace e rapida asciugatura delle mani. Una soluzione ideale per centri commerciali, ricreativi ed aree di servizio.<\/p>\n","protected":false},"featured_media":7835,"template":"","meta":[],"product_brand":[],"product_cat":[130,137],"product_tag":[180],"class_list":{"0":"post-7741","1":"product","2":"type-product","3":"status-publish","4":"has-post-thumbnail","6":"product_cat-accessori-bagno","7":"product_cat-asciugamani-elettrici","8":"product_tag-sk","10":"first","11":"instock","12":"taxable","13":"shipping-taxable","14":"purchasable","15":"product-type-variable"},"yoast_head":"<!-- This site is optimized with the Yoast SEO plugin v24.4 - https:\/\/yoast.com\/wordpress\/plugins\/seo\/ -->\n<title>Hamet asciugamano ad aria - SK Italia - Special Cleaner Professional<\/title>\n<meta name=\"robots\" content=\"index, follow, max-snippet:-1, max-image-preview:large, max-video-preview:-1\" \/>\n<link rel=\"canonical\" href=\"https:\/\/www.skitalia.it\/prodotto\/modular-dispenser\/\" \/>\n<meta property=\"og:locale\" content=\"en_US\" \/>\n<meta property=\"og:type\" content=\"article\" \/>\n<meta property=\"og:title\" content=\"Hamet asciugamano ad aria - SK Italia - Special Cleaner Professional\" \/>\n<meta property=\"og:description\" content=\"Asciugamani elettrico tradizionale con resistenza a pulsante.  Tra gli asciugamani tradizionali, Hamet \u00e8 senza dubbio il modello pi\u00f9 conosciuto e richiesto. Un vero e proprio punto di riferimento in termini di prestazioni, affidabilit\u00e0 e sicurezza. Dotato di un potente motore a spazzola con resistenza elettrica da 2.400 W, questo prodotto garantisce un\u2019efficace e rapida asciugatura delle mani. Una soluzione ideale per centri commerciali, ricreativi ed aree di servizio.\" \/>\n<meta property=\"og:url\" content=\"https:\/\/www.skitalia.it\/prodotto\/modular-dispenser\/\" \/>\n<meta property=\"og:site_name\" content=\"SK Italia - Special Cleaner Professional\" \/>\n<meta property=\"article:modified_time\" content=\"2023-11-14T11:36:28+00:00\" \/>\n<meta property=\"og:image\" content=\"https:\/\/www.skitalia.it\/wp-content\/uploads\/2023\/11\/704175-1-1-jpg.webp\" \/>\n\t<meta property=\"og:image:width\" content=\"600\" \/>\n\t<meta property=\"og:image:height\" content=\"600\" \/>\n\t<meta property=\"og:image:type\" content=\"image\/jpeg\" \/>\n<meta name=\"twitter:card\" content=\"summary_large_image\" \/>\n<meta name=\"twitter:label1\" content=\"Est. reading time\" \/>\n\t<meta name=\"twitter:data1\" content=\"1 minute\" \/>\n<script type=\"application\/ld+json\" class=\"yoast-schema-graph\">{\"@context\":\"https:\/\/schema.org\",\"@graph\":[{\"@type\":\"WebPage\",\"@id\":\"https:\/\/www.skitalia.it\/prodotto\/modular-dispenser\/\",\"url\":\"https:\/\/www.skitalia.it\/prodotto\/modular-dispenser\/\",\"name\":\"Hamet asciugamano ad aria - SK Italia - Special Cleaner Professional\",\"isPartOf\":{\"@id\":\"https:\/\/www.skitalia.it\/#website\"},\"primaryImageOfPage\":{\"@id\":\"https:\/\/www.skitalia.it\/prodotto\/modular-dispenser\/#primaryimage\"},\"image\":{\"@id\":\"https:\/\/www.skitalia.it\/prodotto\/modular-dispenser\/#primaryimage\"},\"thumbnailUrl\":\"https:\/\/www.skitalia.it\/wp-content\/uploads\/2023\/11\/704175-1-1-jpg.webp\",\"datePublished\":\"2023-10-04T15:07:35+00:00\",\"dateModified\":\"2023-11-14T11:36:28+00:00\",\"breadcrumb\":{\"@id\":\"https:\/\/www.skitalia.it\/prodotto\/modular-dispenser\/#breadcrumb\"},\"inLanguage\":\"en-US\",\"potentialAction\":[{\"@type\":\"ReadAction\",\"target\":[\"https:\/\/www.skitalia.it\/prodotto\/modular-dispenser\/\"]}]},{\"@type\":\"ImageObject\",\"inLanguage\":\"en-US\",\"@id\":\"https:\/\/www.skitalia.it\/prodotto\/modular-dispenser\/#primaryimage\",\"url\":\"https:\/\/www.skitalia.it\/wp-content\/uploads\/2023\/11\/704175-1-1-jpg.webp\",\"contentUrl\":\"https:\/\/www.skitalia.it\/wp-content\/uploads\/2023\/11\/704175-1-1-jpg.webp\",\"width\":600,\"height\":600},{\"@type\":\"BreadcrumbList\",\"@id\":\"https:\/\/www.skitalia.it\/prodotto\/modular-dispenser\/#breadcrumb\",\"itemListElement\":[{\"@type\":\"ListItem\",\"position\":1,\"name\":\"Home\",\"item\":\"https:\/\/www.skitalia.it\/\"},{\"@type\":\"ListItem\",\"position\":2,\"name\":\"Prodotti\",\"item\":\"https:\/\/www.skitalia.it\/prodotti\/\"},{\"@type\":\"ListItem\",\"position\":3,\"name\":\"Hamet asciugamano ad aria\"}]},{\"@type\":\"WebSite\",\"@id\":\"https:\/\/www.skitalia.it\/#website\",\"url\":\"https:\/\/www.skitalia.it\/\",\"name\":\"SK Italia\",\"description\":\"\",\"publisher\":{\"@id\":\"https:\/\/www.skitalia.it\/#organization\"},\"potentialAction\":[{\"@type\":\"SearchAction\",\"target\":{\"@type\":\"EntryPoint\",\"urlTemplate\":\"https:\/\/www.skitalia.it\/?s={search_term_string}\"},\"query-input\":{\"@type\":\"PropertyValueSpecification\",\"valueRequired\":true,\"valueName\":\"search_term_string\"}}],\"inLanguage\":\"en-US\"},{\"@type\":\"Organization\",\"@id\":\"https:\/\/www.skitalia.it\/#organization\",\"name\":\"SK Italia\",\"url\":\"https:\/\/www.skitalia.it\/\",\"logo\":{\"@type\":\"ImageObject\",\"inLanguage\":\"en-US\",\"@id\":\"https:\/\/www.skitalia.it\/#\/schema\/logo\/image\/\",\"url\":\"https:\/\/www.skitalia.it\/wp-content\/uploads\/2023\/10\/logopiccolo.webp\",\"contentUrl\":\"https:\/\/www.skitalia.it\/wp-content\/uploads\/2023\/10\/logopiccolo.webp\",\"width\":300,\"height\":112,\"caption\":\"SK Italia\"},\"image\":{\"@id\":\"https:\/\/www.skitalia.it\/#\/schema\/logo\/image\/\"}}]}<\/script>\n<!-- \/ Yoast SEO plugin. -->","yoast_head_json":{"title":"Hamet asciugamano ad aria - SK Italia - Special Cleaner Professional","robots":{"index":"index","follow":"follow","max-snippet":"max-snippet:-1","max-image-preview":"max-image-preview:large","max-video-preview":"max-video-preview:-1"},"canonical":"https:\/\/www.skitalia.it\/prodotto\/modular-dispenser\/","og_locale":"en_US","og_type":"article","og_title":"Hamet asciugamano ad aria - SK Italia - Special Cleaner Professional","og_description":"Asciugamani elettrico tradizionale con resistenza a pulsante.  Tra gli asciugamani tradizionali, Hamet \u00e8 senza dubbio il modello pi\u00f9 conosciuto e richiesto. Un vero e proprio punto di riferimento in termini di prestazioni, affidabilit\u00e0 e sicurezza. Dotato di un potente motore a spazzola con resistenza elettrica da 2.400 W, questo prodotto garantisce un\u2019efficace e rapida asciugatura delle mani. Una soluzione ideale per centri commerciali, ricreativi ed aree di servizio.","og_url":"https:\/\/www.skitalia.it\/prodotto\/modular-dispenser\/","og_site_name":"SK Italia - Special Cleaner Professional","article_modified_time":"2023-11-14T11:36:28+00:00","og_image":[{"width":600,"height":600,"url":"https:\/\/www.skitalia.it\/wp-content\/uploads\/2023\/11\/704175-1-1-jpg.webp","type":"image\/jpeg"}],"twitter_card":"summary_large_image","twitter_misc":{"Est. reading time":"1 minute"},"schema":{"@context":"https:\/\/schema.org","@graph":[{"@type":"WebPage","@id":"https:\/\/www.skitalia.it\/prodotto\/modular-dispenser\/","url":"https:\/\/www.skitalia.it\/prodotto\/modular-dispenser\/","name":"Hamet asciugamano ad aria - SK Italia - Special Cleaner Professional","isPartOf":{"@id":"https:\/\/www.skitalia.it\/#website"},"primaryImageOfPage":{"@id":"https:\/\/www.skitalia.it\/prodotto\/modular-dispenser\/#primaryimage"},"image":{"@id":"https:\/\/www.skitalia.it\/prodotto\/modular-dispenser\/#primaryimage"},"thumbnailUrl":"https:\/\/www.skitalia.it\/wp-content\/uploads\/2023\/11\/704175-1-1-jpg.webp","datePublished":"2023-10-04T15:07:35+00:00","dateModified":"2023-11-14T11:36:28+00:00","breadcrumb":{"@id":"https:\/\/www.skitalia.it\/prodotto\/modular-dispenser\/#breadcrumb"},"inLanguage":"en-US","potentialAction":[{"@type":"ReadAction","target":["https:\/\/www.skitalia.it\/prodotto\/modular-dispenser\/"]}]},{"@type":"ImageObject","inLanguage":"en-US","@id":"https:\/\/www.skitalia.it\/prodotto\/modular-dispenser\/#primaryimage","url":"https:\/\/www.skitalia.it\/wp-content\/uploads\/2023\/11\/704175-1-1-jpg.webp","contentUrl":"https:\/\/www.skitalia.it\/wp-content\/uploads\/2023\/11\/704175-1-1-jpg.webp","width":600,"height":600},{"@type":"BreadcrumbList","@id":"https:\/\/www.skitalia.it\/prodotto\/modular-dispenser\/#breadcrumb","itemListElement":[{"@type":"ListItem","position":1,"name":"Home","item":"https:\/\/www.skitalia.it\/"},{"@type":"ListItem","position":2,"name":"Prodotti","item":"https:\/\/www.skitalia.it\/prodotti\/"},{"@type":"ListItem","position":3,"name":"Hamet asciugamano ad aria"}]},{"@type":"WebSite","@id":"https:\/\/www.skitalia.it\/#website","url":"https:\/\/www.skitalia.it\/","name":"SK Italia","description":"","publisher":{"@id":"https:\/\/www.skitalia.it\/#organization"},"potentialAction":[{"@type":"SearchAction","target":{"@type":"EntryPoint","urlTemplate":"https:\/\/www.skitalia.it\/?s={search_term_string}"},"query-input":{"@type":"PropertyValueSpecification","valueRequired":true,"valueName":"search_term_string"}}],"inLanguage":"en-US"},{"@type":"Organization","@id":"https:\/\/www.skitalia.it\/#organization","name":"SK Italia","url":"https:\/\/www.skitalia.it\/","logo":{"@type":"ImageObject","inLanguage":"en-US","@id":"https:\/\/www.skitalia.it\/#\/schema\/logo\/image\/","url":"https:\/\/www.skitalia.it\/wp-content\/uploads\/2023\/10\/logopiccolo.webp","contentUrl":"https:\/\/www.skitalia.it\/wp-content\/uploads\/2023\/10\/logopiccolo.webp","width":300,"height":112,"caption":"SK Italia"},"image":{"@id":"https:\/\/www.skitalia.it\/#\/schema\/logo\/image\/"}}]}},"_links":{"self":[{"href":"https:\/\/www.skitalia.it\/en\/wp-json\/wp\/v2\/product\/7741","targetHints":{"allow":["GET"]}}],"collection":[{"href":"https:\/\/www.skitalia.it\/en\/wp-json\/wp\/v2\/product"}],"about":[{"href":"https:\/\/www.skitalia.it\/en\/wp-json\/wp\/v2\/types\/product"}],"wp:featuredmedia":[{"embeddable":true,"href":"https:\/\/www.skitalia.it\/en\/wp-json\/wp\/v2\/media\/7835"}],"wp:attachment":[{"href":"https:\/\/www.skitalia.it\/en\/wp-json\/wp\/v2\/media?parent=7741"}],"wp:term":[{"taxonomy":"product_brand","embeddable":true,"href":"https:\/\/www.skitalia.it\/en\/wp-json\/wp\/v2\/product_brand?post=7741"},{"taxonomy":"product_cat","embeddable":true,"href":"https:\/\/www.skitalia.it\/en\/wp-json\/wp\/v2\/product_cat?post=7741"},{"taxonomy":"product_tag","embeddable":true,"href":"https:\/\/www.skitalia.it\/en\/wp-json\/wp\/v2\/product_tag?post=7741"}],"curies":[{"name":"wp","href":"https:\/\/api.w.org\/{rel}","templated":true}]}}